{"id":24,"date":"2019-03-13T11:37:03","date_gmt":"2019-03-13T11:37:03","guid":{"rendered":"http:\/\/localhost:83\/?page_id=24"},"modified":"2025-08-17T08:44:41","modified_gmt":"2025-08-17T08:44:41","slug":"semantics","status":"publish","type":"page","link":"https:\/\/www.phitech.io\/de\/semantics\/","title":{"rendered":"Semantics"},"content":{"rendered":"\n<p>Semantische Suchtechnologien f\u00fcr europ\u00e4ische Sprachen. Schnelle und pr\u00e4zise L\u00f6sungen, optimiert f\u00fcr spezielle Themen (Recht, Steuern \u2026)<\/p>\n\n\n\n<h2 class=\"wp-block-heading\">Unsere Produkte<strong>:<\/strong><\/h2>\n\n\n\n<ul class=\"wp-block-list\"><li>Creation of search engines supporting 7 languages with an advanced morphology and stemming<\/li><li>Summary plugin for Elasticsearch &#8211; reduce long texts to a summary of a specified length<\/li><li>Content curation &#8211; a tool for curating and tagging contents crawled from web, allowing e.g. creating newsletters automatically<\/li><li>SAPI \u2013 SAPI is a product from Curry AG that is developed with the support of PhiTech. SAPI is an Intelligent API built on top of ElasticSearch for detailed text analysis and search. We offer integration and customization for SAPI.<\/li><\/ul>\n\n\n\n<ul class=\"wp-block-list\"><li>Erstellung von Suchmaschinen. Zur Zeit haben wir Suchmaschienen in 7 Sprachen erstellt die sowohl fortschrittliche Morphologien, Kompositazerlegung und Stemming unterst\u00fctzen.<\/li><li> Zusammenfassungs-Plugin f\u00fcr Elasticsearch &#8211; Reduzieren Sie lange Texte auf eine Zusammenfassung einer von Ihnen bestimmten L\u00e4nge.<\/li><li> Kuratieren von Inhalten &#8211; ein Tool zum Kuratieren und automatischen Verschlagworten von Inhalten. Die Inhalte k\u00f6nnen von eigenen Dokumenten erstellt werden oder aus Texten die automatisch im Web gecrawlt wurden.<\/li><li> SAPI &#8211; SAPI ist ein Produkt der Curry AG, das mit Unterst\u00fctzung von PhiTech entwickelt wurde. SAPI ist eine intelligente API, die auf ElasticSearch zur detaillierten Textanalyse und -suche aufbaut. Wir bieten Integration und Anpassung f\u00fcr SAPI.<\/li><\/ul>\n\n\n\n<ul class=\"wp-block-list\"><li><\/li><\/ul>\n\n\n\n\n\n<p><\/p>\n","protected":false},"excerpt":{"rendered":"<p>Semantic search technologies for European languages. Fast and precise solutions, optimized for specialized topics (law, taxes&#8230;)<\/p>\n","protected":false},"author":3,"featured_media":342,"parent":0,"menu_order":3,"comment_status":"closed","ping_status":"closed","template":"","meta":{"_exactmetrics_skip_tracking":false,"_exactmetrics_sitenote_active":false,"_exactmetrics_sitenote_note":"","_exactmetrics_sitenote_category":0,"_uf_show_specific_survey":0,"_uf_disable_surveys":false,"footnotes":""},"class_list":["post-24","page","type-page","status-publish","has-post-thumbnail","hentry"],"aioseo_notices":[],"_links":{"self":[{"href":"https:\/\/www.phitech.io\/de\/wp-json\/wp\/v2\/pages\/24","targetHints":{"allow":["GET"]}}],"collection":[{"href":"https:\/\/www.phitech.io\/de\/wp-json\/wp\/v2\/pages"}],"about":[{"href":"https:\/\/www.phitech.io\/de\/wp-json\/wp\/v2\/types\/page"}],"author":[{"embeddable":true,"href":"https:\/\/www.phitech.io\/de\/wp-json\/wp\/v2\/users\/3"}],"replies":[{"embeddable":true,"href":"https:\/\/www.phitech.io\/de\/wp-json\/wp\/v2\/comments?post=24"}],"version-history":[{"count":4,"href":"https:\/\/www.phitech.io\/de\/wp-json\/wp\/v2\/pages\/24\/revisions"}],"predecessor-version":[{"id":623,"href":"https:\/\/www.phitech.io\/de\/wp-json\/wp\/v2\/pages\/24\/revisions\/623"}],"wp:featuredmedia":[{"embeddable":true,"href":"https:\/\/www.phitech.io\/de\/wp-json\/wp\/v2\/media\/342"}],"wp:attachment":[{"href":"https:\/\/www.phitech.io\/de\/wp-json\/wp\/v2\/media?parent=24"}],"curies":[{"name":"wp","href":"https:\/\/api.w.org\/{rel}","templated":true}]}}